{"id":1314,"date":"2024-06-13T16:20:33","date_gmt":"2024-06-13T14:20:33","guid":{"rendered":"https:\/\/nextdestination.banyoles.cat\/?page_id=1314"},"modified":"2024-07-26T09:53:22","modified_gmt":"2024-07-26T07:53:22","slug":"politica-de-cookies","status":"publish","type":"page","link":"https:\/\/nextdestination.banyoles.cat\/es\/politica-de-cookies\/","title":{"rendered":"Pol\u00edtica de cookies"},"content":{"rendered":"<h1>Pol\u00edtica de cookies<\/h1>\n<p>En conformidad con lo dispuesto en la Ley Org\u00e1nica 15\/1999, de Protecci\u00f3n de Datos de Car\u00e1cter Personal (LOPD) y su normativa de desarrollo, el responsable del sitio web, en cumplimiento del que se dispone en el arte. 5 y 6 de la LOPD, informa a todos los usuarios del sitio web que faciliten o vayan a facilitar sus datos personales, que estas, ser\u00e1n incorporados en un fichero automatizado que se encuentra debidamente inscrito en la Agencia Espa\u00f1ola de Protecci\u00f3n de Datos.<br \/>\nLos usuarios, aceptan expresamente y de manera libre e inequ\u00edvoca que sus datos personales sean tratados por parte del prestamista para realizar las siguientes finalidades.<\/p>\n<p>1. Remisi\u00f3n de comunicaciones comerciales publicitarias por e-mail, fax, sms, mms, comunicados sociales o cualquier otro medio electr\u00f3nico o f\u00edsico, presente o futuro que haga posible realizar comunicaciones comerciales. Estas comunicaciones comerciales ser\u00e1n relacionadas sobre productos o servicios ofrecidos por el prestamista, as\u00ed como por parte de los colaboradores o parthners con los cuales este hubiera conseguido alg\u00fan acuerdo de promoci\u00f3n comercial entre sus clientes. En este caso, los terceros nunca tendr\u00e1n acceso a los datos personales. En todo caso las comunicaciones comerciales ser\u00e1n realizadas por parte del prestamista y ser\u00e1n de productos y servicios relacionados con el sector del prestamista.<br \/>\n2. Realizar estudios estad\u00edsticos.<br \/>\n3. Tramitar encargos, solicitudes o cualquier tipo de petici\u00f3n que sea realizada por el usuario en el sitio web de la compa\u00f1\u00eda.<br \/>\n4. Remitir el bolet\u00edn de noticias de la p\u00e1gina web.<br \/>\nEl prestamista informa y garantiza expresamente a los usuarios que sus datos personales no ser\u00e1n cedidos en ning\u00fan caso a terceras compa\u00f1\u00edas, y que siempre que se tuviera que realizar alguntipus de cesi\u00f3n de datos personales, de manera previa se solicitar\u00e1 el consentimiento expreso, informado, e inequ\u00edvoco por parte de los titulares.<br \/>\nTodos los datos solo \u2022 licitadas a trav\u00e9s del sitio web son obligatorios, puesto que son necesarias para la prestaci\u00f3n de un servicio \u00f3ptimo al usuario. En caso de que no sean facilitados todos los datos, el prestamista no garantiza que la informaci\u00f3n y servicios facilitados sean completamente ajustados a sus necesidades.<\/p>\n<p>El prestamista garantiza en todo caso al usuario el ejercicio de los derechos de acceso, rectificaci\u00f3n, cancelaci\u00f3n informaci\u00f3n y oposici\u00f3n, en los t\u00e9rminos dispuestos en la legislaci\u00f3n vigente. Por eso en conformidad con lo dispuesto en la Ley Org\u00e1nica 15\/1999, de Protecci\u00f3n de Datos de Car\u00e1cter Personal (LOPD) podr\u00e1 ejercer sus derechos remitiendo una solicitud expr\u00e9s, a trav\u00e9s de los siguientes medios:<\/p>\n<p>1. Email<br \/>\nDel mismo modo, el prestamista ha adoptado todas las medidas t\u00e9cnicas y de organizaci\u00f3n necesarias para garantizar la seguridad e integridad de los datos de car\u00e1cter personal que trate, as\u00ed para evitar su p\u00e9rdida, alteraci\u00f3n y \/ o acceso por parte de terceros no autorizados.<\/p>\n<p><strong>USO DE COOKIES Y DEL FICHERO De ACTIVIDAD<\/strong><br \/>\nLas cookies son unos peque\u00f1os archivos de texto que se instalan los equipos desde los cuales se accede a nuestro sitio web. Pueden guardar la identificaci\u00f3n del usuario que visita la web y los lugares por los cuales navega. Cuando el usuario (t\u00fa en este caso) nos vuelve a visitar se leen las cookies para identificarlo y restablecer sus preferencias y configuraci\u00f3n de navegaci\u00f3n. Si un usuario no autoriza el uso de las cookies algunos servicios o funcionalidades del sitio web podr\u00edan no estar disponibles.<br \/>\nQueremos que este lugar ofrezca un buen servicio y que sea f\u00e1cil de usar. Nuestro objetivo es ofrecerte productos y servicios personalizados. En este sentido las cookies nos permiten:<br \/>\nIdentificar a los usuarios registrados cuando vuelven al lugar para que puedan recuperar resultados de su actividad anterior y visualizar sus facturas anteriores.<br \/>\nAhorrar tiempo evitando la necesidad de volver a introducir la misma informaci\u00f3n.<br \/>\nProteger tu seguridad mediante la comprobaci\u00f3n de los datos de inicio de sesi\u00f3n.<br \/>\nAlgunas cookies son de colaboradores externos y sirven para:<br \/>\nAnalizar estad\u00edsticamente la informaci\u00f3n a la cual acceden los usuarios de nuestro lugar. Los datos recopilados pueden incluir la actividad del navegador del usuario cuando nos visita, la ruta que siguen los usuarios en nuestro lugar, informaci\u00f3n del proveedor de servicios de Internet del visitante, el n\u00famero a veces que los usuarios acceden al lugar y el comportamiento de los usuarios en nuestro lugar (p\u00e1ginas que ha visitado, formularios que se han completado y similares).<br \/>\nIdentificar a los usuarios que nos visitan desde la invitaci\u00f3n de un sitio web asociado o de un enlace patrocinado.<br \/>\nPuedes revocar el consentimiento a la utilizaci\u00f3n de cookies elimin\u00e1ndolas por medio de las opciones que te ofrece tu navegador.<br \/>\nSi deseas recibir informaci\u00f3n adicional sobre la actividad de las empresas de publicidad en Internet y sobre como eliminar sus datos de los registros de estas empresas, te recomendamos la visita de www.networkadvertising.org<br \/>\nEste sitio web utiliza las siguientes cookies:<br \/>\nGoogle Analytics para obtener y analizar informaci\u00f3n de la navegaci\u00f3n de los usuarios. M\u00e1s informaci\u00f3n en www.google.com\/analytics\/<br \/>\nPara controlar la recopilaci\u00f3n de datos con fines anal\u00edticos por parte de Google Analytics, puedes ir a https:\/\/tools.google.com\/dlpage\/gaoptout?hl=en<br \/>\nWordpress, para obtener y analizar los datos de navegaci\u00f3n de los usuarios registrados.<br \/>\nPuedes configurar tu navegador porque te informe previamente de la posible instalaci\u00f3n de cookies. Tambi\u00e9n podr\u00e1s optar porque se supriman autom\u00e1ticamente una vez se cierre el navegador, equipo o dispositivo. Puedes encontrar informaci\u00f3n sobre c\u00f3mo hacerlo en:<br \/>\nPara Firefox: http:\/\/support.mozilla.org\/ca\/kb\/galetes<br \/>\nPara Chrome: https:\/\/support.google.com\/chrome\/answer\/95647?hl=es<br \/>\nPara Explorer: http:\/\/windows.microsoft.com\/es-es\/windows7\/how-to-manage-cookies-in-internet-explorer-9<br \/>\nPara Safari: http:\/\/support.apple.com\/kb\/ph5042<br \/>\nPara Safari para IOS: http:\/\/support.apple.com\/kb\/ht1677?viewlocale=es_es<br \/>\nPara Opera: http:\/\/help.opera.com\/windows\/11.50\/es-es\/cookies.html<\/p>\n<p><strong>DIRECCIONES IP<\/strong><br \/>\nLos servidores del sitio web podr\u00e1n detectar de manera autom\u00e1tica la direcci\u00f3n IP y el nombre de dominio utilizados por el usuario. Una direcci\u00f3n IP es un n\u00famero asignado autom\u00e1ticamente a un ordenador cuando este se conecta en Internet. Toda esta informaci\u00f3n es registrada en un fichero de actividad del servidor debidamente inscrito que permite el posterior procesamiento de los datos con el fin de obtener mediciones \u00fanicamente estad\u00edsticas que permitan conocer el n\u00famero de impresiones de p\u00e1ginas, el n\u00famero de visitas realizadas a los servicios web, la orden de visitas el punto de acceso, etc.<\/p>\n<p><strong>SEGURIDAD<\/strong><br \/>\nEl sitio web utiliza t\u00e9cnicas de seguridad de la informaci\u00f3n generalmente aceptadas en la industria como por ejemplo firewalls procedimientos de control de acceso y mecanismos criptogr\u00e1ficos todo esto a fin de evitar el acceso no autorizado a los datos. Para conseguirlo, el usuario \/ cliente acepta que el prestamista obtenga datos para efectos de la correspondiente autenticaci\u00f3n de los controles de acceso.<br \/>\nTodo proceso de contrataci\u00f3n o que comporte de introducci\u00f3n de datos personales de car\u00e1cter alto (salud, ideolog\u00eda \u2026) ser\u00e1n siempre transmitidos mediante protocolo de comunicaci\u00f3n segura (https: \/ \u2026) de tal forma que cabe tercero tenga acceso a la informaci\u00f3n transmitida v\u00eda electr\u00f3nica.<br \/>\nDenominaci\u00f3n Social:<br \/>\nNombre Comercial:<br \/>\nTel\u00e9fono:<br \/>\nE-mail:<br \/>\nNombre de dominio:<\/p>\n","protected":false},"excerpt":{"rendered":"<p>Pol\u00edtica de cookies En conformidad con lo dispuesto en la Ley Org\u00e1nica 15\/1999, de Protecci\u00f3n de Datos de Car\u00e1cter Personal (LOPD) y su normativa de desarrollo, el responsable del sitio web, en cumplimiento del que se dispone en el arte. 5 y 6 de la LOPD, informa a todos los usuarios del sitio web que&#8230;<\/p>\n","protected":false},"author":1,"featured_media":0,"parent":0,"menu_order":0,"comment_status":"closed","ping_status":"closed","template":"","meta":{"footnotes":""},"class_list":["post-1314","page","type-page","status-publish","hentry"],"yoast_head":"<!-- This site is optimized with the Yoast SEO plugin v27.4 - https:\/\/yoast.com\/product\/yoast-seo-wordpress\/ -->\n<title>Pol\u00edtica de cookies - Banyoles \u00b7 Next Destination<\/title>\n<meta name=\"robots\" content=\"index, follow, max-snippet:-1, max-image-preview:large, max-video-preview:-1\" \/>\n<link rel=\"canonical\" href=\"https:\/\/nextdestination.banyoles.cat\/es\/politica-de-cookies\/\" \/>\n<meta property=\"og:locale\" content=\"es_ES\" \/>\n<meta property=\"og:type\" content=\"article\" \/>\n<meta property=\"og:title\" content=\"Pol\u00edtica de cookies - Banyoles \u00b7 Next Destination\" \/>\n<meta property=\"og:description\" content=\"Pol\u00edtica de cookies En conformidad con lo dispuesto en la Ley Org\u00e1nica 15\/1999, de Protecci\u00f3n de Datos de Car\u00e1cter Personal (LOPD) y su normativa de desarrollo, el responsable del sitio web, en cumplimiento del que se dispone en el arte. 5 y 6 de la LOPD, informa a todos los usuarios del sitio web que...\" \/>\n<meta property=\"og:url\" content=\"https:\/\/nextdestination.banyoles.cat\/es\/politica-de-cookies\/\" \/>\n<meta property=\"og:site_name\" content=\"Banyoles \u00b7 Next Destination\" \/>\n<meta property=\"article:modified_time\" content=\"2024-07-26T07:53:22+00:00\" \/>\n<meta name=\"twitter:card\" content=\"summary_large_image\" \/>\n<script type=\"application\/ld+json\" class=\"yoast-schema-graph\">{\"@context\":\"https:\\\/\\\/schema.org\",\"@graph\":[{\"@type\":\"WebPage\",\"@id\":\"https:\\\/\\\/nextdestination.banyoles.cat\\\/es\\\/politica-de-cookies\\\/\",\"url\":\"https:\\\/\\\/nextdestination.banyoles.cat\\\/es\\\/politica-de-cookies\\\/\",\"name\":\"Pol\u00edtica de cookies - Banyoles \u00b7 Next Destination\",\"isPartOf\":{\"@id\":\"https:\\\/\\\/nextdestination.banyoles.cat\\\/es\\\/#website\"},\"datePublished\":\"2024-06-13T14:20:33+00:00\",\"dateModified\":\"2024-07-26T07:53:22+00:00\",\"breadcrumb\":{\"@id\":\"https:\\\/\\\/nextdestination.banyoles.cat\\\/es\\\/politica-de-cookies\\\/#breadcrumb\"},\"inLanguage\":\"es\",\"potentialAction\":[{\"@type\":\"ReadAction\",\"target\":[\"https:\\\/\\\/nextdestination.banyoles.cat\\\/es\\\/politica-de-cookies\\\/\"]}]},{\"@type\":\"BreadcrumbList\",\"@id\":\"https:\\\/\\\/nextdestination.banyoles.cat\\\/es\\\/politica-de-cookies\\\/#breadcrumb\",\"itemListElement\":[{\"@type\":\"ListItem\",\"position\":1,\"name\":\"Portada\",\"item\":\"https:\\\/\\\/nextdestination.banyoles.cat\\\/es\\\/nextgeneration\\\/\"},{\"@type\":\"ListItem\",\"position\":2,\"name\":\"Pol\u00edtica de cookies\"}]},{\"@type\":\"WebSite\",\"@id\":\"https:\\\/\\\/nextdestination.banyoles.cat\\\/es\\\/#website\",\"url\":\"https:\\\/\\\/nextdestination.banyoles.cat\\\/es\\\/\",\"name\":\"Nextgeneration\",\"description\":\"\",\"publisher\":{\"@id\":\"https:\\\/\\\/nextdestination.banyoles.cat\\\/es\\\/#organization\"},\"potentialAction\":[{\"@type\":\"SearchAction\",\"target\":{\"@type\":\"EntryPoint\",\"urlTemplate\":\"https:\\\/\\\/nextdestination.banyoles.cat\\\/es\\\/?s={search_term_string}\"},\"query-input\":{\"@type\":\"PropertyValueSpecification\",\"valueRequired\":true,\"valueName\":\"search_term_string\"}}],\"inLanguage\":\"es\"},{\"@type\":\"Organization\",\"@id\":\"https:\\\/\\\/nextdestination.banyoles.cat\\\/es\\\/#organization\",\"name\":\"Nextgeneration\",\"url\":\"https:\\\/\\\/nextdestination.banyoles.cat\\\/es\\\/\",\"logo\":{\"@type\":\"ImageObject\",\"inLanguage\":\"es\",\"@id\":\"https:\\\/\\\/nextdestination.banyoles.cat\\\/es\\\/#\\\/schema\\\/logo\\\/image\\\/\",\"url\":\"https:\\\/\\\/nextdestination.banyoles.cat\\\/wp-content\\\/uploads\\\/2024\\\/04\\\/Frame-11.png\",\"contentUrl\":\"https:\\\/\\\/nextdestination.banyoles.cat\\\/wp-content\\\/uploads\\\/2024\\\/04\\\/Frame-11.png\",\"width\":356,\"height\":142,\"caption\":\"Nextgeneration\"},\"image\":{\"@id\":\"https:\\\/\\\/nextdestination.banyoles.cat\\\/es\\\/#\\\/schema\\\/logo\\\/image\\\/\"}}]}<\/script>\n<!-- \/ Yoast SEO plugin. -->","yoast_head_json":{"title":"Pol\u00edtica de cookies - Banyoles \u00b7 Next Destination","robots":{"index":"index","follow":"follow","max-snippet":"max-snippet:-1","max-image-preview":"max-image-preview:large","max-video-preview":"max-video-preview:-1"},"canonical":"https:\/\/nextdestination.banyoles.cat\/es\/politica-de-cookies\/","og_locale":"es_ES","og_type":"article","og_title":"Pol\u00edtica de cookies - Banyoles \u00b7 Next Destination","og_description":"Pol\u00edtica de cookies En conformidad con lo dispuesto en la Ley Org\u00e1nica 15\/1999, de Protecci\u00f3n de Datos de Car\u00e1cter Personal (LOPD) y su normativa de desarrollo, el responsable del sitio web, en cumplimiento del que se dispone en el arte. 5 y 6 de la LOPD, informa a todos los usuarios del sitio web que...","og_url":"https:\/\/nextdestination.banyoles.cat\/es\/politica-de-cookies\/","og_site_name":"Banyoles \u00b7 Next Destination","article_modified_time":"2024-07-26T07:53:22+00:00","twitter_card":"summary_large_image","schema":{"@context":"https:\/\/schema.org","@graph":[{"@type":"WebPage","@id":"https:\/\/nextdestination.banyoles.cat\/es\/politica-de-cookies\/","url":"https:\/\/nextdestination.banyoles.cat\/es\/politica-de-cookies\/","name":"Pol\u00edtica de cookies - Banyoles \u00b7 Next Destination","isPartOf":{"@id":"https:\/\/nextdestination.banyoles.cat\/es\/#website"},"datePublished":"2024-06-13T14:20:33+00:00","dateModified":"2024-07-26T07:53:22+00:00","breadcrumb":{"@id":"https:\/\/nextdestination.banyoles.cat\/es\/politica-de-cookies\/#breadcrumb"},"inLanguage":"es","potentialAction":[{"@type":"ReadAction","target":["https:\/\/nextdestination.banyoles.cat\/es\/politica-de-cookies\/"]}]},{"@type":"BreadcrumbList","@id":"https:\/\/nextdestination.banyoles.cat\/es\/politica-de-cookies\/#breadcrumb","itemListElement":[{"@type":"ListItem","position":1,"name":"Portada","item":"https:\/\/nextdestination.banyoles.cat\/es\/nextgeneration\/"},{"@type":"ListItem","position":2,"name":"Pol\u00edtica de cookies"}]},{"@type":"WebSite","@id":"https:\/\/nextdestination.banyoles.cat\/es\/#website","url":"https:\/\/nextdestination.banyoles.cat\/es\/","name":"Nextgeneration","description":"","publisher":{"@id":"https:\/\/nextdestination.banyoles.cat\/es\/#organization"},"potentialAction":[{"@type":"SearchAction","target":{"@type":"EntryPoint","urlTemplate":"https:\/\/nextdestination.banyoles.cat\/es\/?s={search_term_string}"},"query-input":{"@type":"PropertyValueSpecification","valueRequired":true,"valueName":"search_term_string"}}],"inLanguage":"es"},{"@type":"Organization","@id":"https:\/\/nextdestination.banyoles.cat\/es\/#organization","name":"Nextgeneration","url":"https:\/\/nextdestination.banyoles.cat\/es\/","logo":{"@type":"ImageObject","inLanguage":"es","@id":"https:\/\/nextdestination.banyoles.cat\/es\/#\/schema\/logo\/image\/","url":"https:\/\/nextdestination.banyoles.cat\/wp-content\/uploads\/2024\/04\/Frame-11.png","contentUrl":"https:\/\/nextdestination.banyoles.cat\/wp-content\/uploads\/2024\/04\/Frame-11.png","width":356,"height":142,"caption":"Nextgeneration"},"image":{"@id":"https:\/\/nextdestination.banyoles.cat\/es\/#\/schema\/logo\/image\/"}}]}},"_links":{"self":[{"href":"https:\/\/nextdestination.banyoles.cat\/es\/wp-json\/wp\/v2\/pages\/1314","targetHints":{"allow":["GET"]}}],"collection":[{"href":"https:\/\/nextdestination.banyoles.cat\/es\/wp-json\/wp\/v2\/pages"}],"about":[{"href":"https:\/\/nextdestination.banyoles.cat\/es\/wp-json\/wp\/v2\/types\/page"}],"author":[{"embeddable":true,"href":"https:\/\/nextdestination.banyoles.cat\/es\/wp-json\/wp\/v2\/users\/1"}],"replies":[{"embeddable":true,"href":"https:\/\/nextdestination.banyoles.cat\/es\/wp-json\/wp\/v2\/comments?post=1314"}],"version-history":[{"count":1,"href":"https:\/\/nextdestination.banyoles.cat\/es\/wp-json\/wp\/v2\/pages\/1314\/revisions"}],"predecessor-version":[{"id":1315,"href":"https:\/\/nextdestination.banyoles.cat\/es\/wp-json\/wp\/v2\/pages\/1314\/revisions\/1315"}],"wp:attachment":[{"href":"https:\/\/nextdestination.banyoles.cat\/es\/wp-json\/wp\/v2\/media?parent=1314"}],"curies":[{"name":"wp","href":"https:\/\/api.w.org\/{rel}","templated":true}]}}