{"id":1025,"date":"2024-06-14T11:19:58","date_gmt":"2024-06-14T09:19:58","guid":{"rendered":"https:\/\/nextdestination.banyoles.cat\/?page_id=1025"},"modified":"2024-07-26T14:10:10","modified_gmt":"2024-07-26T12:10:10","slug":"cronograma","status":"publish","type":"page","link":"https:\/\/nextdestination.banyoles.cat\/es\/cronograma\/","title":{"rendered":"Cronograma"},"content":{"rendered":"<section class=\"l-section wpb_row height_medium width_custom\" style=\"--site-content-width:1240px;\"><div class=\"l-section-overlay\" style=\"background:linear-gradient(45deg, #49a09d, #5f2c82)\"><\/div><div class=\"l-section-h i-cf\"><div class=\"g-cols vc_row via_grid cols_1 laptops-cols_inherit tablets-cols_inherit mobiles-cols_1 valign_top type_default stacking_default\"><div class=\"wpb_column vc_column_container\"><div class=\"vc_column-inner\"><div class=\"w-html us_custom_6df4bc3a has_text_color\"> <table class=\"container\">\n        <thead>\n            <tr>\n                <th><h1><strong>ACTUACI\u00d3N<\/strong><\/h1><\/th>\n                <th><h1><strong>IMPORTE <\/strong><\/h1><\/th>\n                 <td COLSPAN=3 class=\"blanc\"><h1><strong>FASE DE EJECUCI\u00d3N<br><br>ANUALIDADES<\/strong><\/h1><\/td>\n                <th><h1><strong>EJE ESTRAT\u00c9GICO<\/strong> <\/h1><\/th>\n                <th><h1> <strong>ETIQUETA <\/strong><\/h1><\/th>\n            <\/tr>\n\n            <tr>\n             <th class=\"transparent\"><\/th>\n                <th class=\"transparent\"><\/th>\n                 <td class=\"color\"><h1>1a <\/h1><\/td>\n                 <td class=\"color\"><h1>2a<\/h1><\/td>\n                 <td class=\"color\"><h1>3a<\/h1><\/td>\n                <th class=\"transparent\" ><\/th>\n               <th class=\"transparent\"><\/th>            \n            <\/tr>\n\n\n        <\/thead>\n<tbody>\n            <tr class=\"fons\">\n                <td class=\"titol\">Compuertas reguladoras del estany y de las acequias <\/td>\n                <td>200.000\u20ac<\/td>\n                <td><div class='estatus_projecte'>En execuci\u00f3<\/div><\/td>\n                <td><div class='estatus_projecte'>En execuci\u00f3<\/div><\/td>\n                <td><div class='estatus_projecte'>En execuci\u00f3<\/div><\/td>\n                <td>Transici\u00f3n verde y sostenible<\/td>\n                <td>035<\/td>\n            <\/tr>\n\n            <tr>\n                <td class=\"titol\">Miradores entorno al Estany (Joan de Palau y del Estany)<\/td>\n                <td>200.000\u20ac<\/td>\n                <td><div class='estatus_projecte'>Pendent d'inici<\/div><\/td>\n                <td><div class='estatus_projecte'>En execuci\u00f3<\/div><\/td>\n                <td><div class='estatus_projecte'>En execuci\u00f3<\/div><\/td>\n                <td>Transici\u00f3n verde y sostenible<\/td>\n                <td>050<\/td>\n            <\/tr>\n\n           <tr class=\"fons\">\n                <td class=\"titol\">Wifi trackers y sensorizaci\u00f3n en los espacios fr\u00e1giles del\nEstany<\/td>\n                <td>120.000\u20ac<\/td>\n                   <td><div class='estatus_projecte'>En execuci\u00f3<\/div><\/td>\n                <td><div class='estatus_projecte'>Finalitzat<\/div><\/td>\n                   <td><div class='estatus_projecte'>Finalitzat<\/div><\/td>\n                <td>Transici\u00f3n verde y sostenible<\/td>\n                <td>050<\/td>\n            <\/tr>\n\n            <tr>\n                <td class=\"titol\">Aparcamiento disuasorio para veh\u00edculos y autocaravanas<\/td>\n                <td>100.000\u20ac<\/td>\n                   <td><div class='estatus_projecte'>En execuci\u00f3<\/div><\/td>\n                <td><div class='estatus_projecte'>-<\/div><\/td>\n                   <td><div class='estatus_projecte'>-<\/div><\/td>\n                <td>Transici\u00f3n verde y sostenible<\/td>\n                <td>050<\/td>\n            <\/tr>\n\n            <tr class=\"fons\">\n                <td class=\"titol\">Centro E-Bike <\/td>\n                <td>150.000\u20ac<\/td>\n                 <td><div class='estatus_projecte'>Pendent d'inici<\/div><\/td>\n                <td><div class='estatus_projecte'>Pendent d'inici<\/div><\/td>\n                 <td><div class='estatus_projecte'>En execuci\u00f3<\/div><\/td>\n                <td>Eficiencia energ\u00e9tica<\/td>\n                <td>073<\/td>\n            <\/tr>\n\n\n            <tr>\n                <td class=\"titol\">Red de itinerarios ciclables, especializados por modalidad y segmento<\/td>\n                <td>50.000\u20ac<\/td>\n                <td><div class='estatus_projecte'>En execuci\u00f3<\/div><\/td>\n                <td><div class='estatus_projecte'>En execuci\u00f3<\/div><\/td>\n                <td><div class='estatus_projecte'>Finalitzat<\/div><\/td>\n                <td>Eficiencia energ\u00e9tica<\/td>\n                <td>073<\/td>\n            <\/tr>\n\n           <tr class=\"fons\">\n                <td class=\"titol\">Carriles Bici de conexi\u00f3n del Estany, el centro de la ciudad y la V\u00eda Verde  <\/td>\n                <td>350.000\u20ac<\/td>\n                 <td><div class='estatus_projecte'>En execuci\u00f3<\/div><\/td>\n                <td><div class='estatus_projecte'>En execuci\u00f3<\/div><\/td>\n                 <td><div class='estatus_projecte'>Finalitzat<\/div><\/td>\n                <td>Eficiencia energ\u00e9tica<\/td>\n                <td>073<\/td>\n            <\/tr>\n\n            <tr>\n                <td class=\"titol\">La gran vuelta en Banyoles  <\/td>\n                <td>50.000\u20ac<\/td>\n                <td><div class='estatus_projecte'>En execuci\u00f3<\/div><\/td>\n                <td><div class='estatus_projecte'>En execuci\u00f3<\/div><\/td>\n                <td><div class='estatus_projecte'>En execuci\u00f3<\/div><\/td>\n                <td>Eficiencia energ\u00e9tica<\/td>\n                <td>073<\/td>\n            <\/tr>\n\n            <tr class=\"fons\">\n                <td class=\"titol\">Rehabilitaci\u00f3n dels Banys Vells  <\/td>\n                <td>200.000\u20ac<\/td>\n                <td><div class='estatus_projecte'>En execuci\u00f3<\/div><\/td>\n                <td><div class='estatus_projecte'>Pendent d'inici<\/div><\/td>\n                <td><div class='estatus_projecte'>Pendent d'inici<\/div><\/td>\n                <td>Eficiencia energ\u00e9tica<\/td>\n                <td>073<\/td>\n            <\/tr>\n\n\n            <tr>\n                <td class=\"titol\">Camino experiencial del agua <\/td>\n                <td>125.000\u20ac<\/td>\n                <td><div class='estatus_projecte'>Pendent d'inici<\/div><\/td>\n                <td><div class='estatus_projecte'>Adjudicada<\/div><\/td>\n                 <td><div class='estatus_projecte'>En execuci\u00f3<\/div><\/td>\n                <td>Transici\u00f3n digital<\/td>\n                <td><\/td>\n            <\/tr>\n\n           <tr class=\"fons\">\n                <td class=\"titol\">V\u00eddeo-Mapping  \"Banyoles, Ciudad del agua\"<\/td>\n                <td>80.000\u20ac<\/td>\n                <td><div class='estatus_projecte'>Pendent d'inici<\/div><\/td>\n                <td><div class='estatus_projecte'>Adjudicada<\/div><\/td>\n                <td><div class='estatus_projecte'>En execuci\u00f3<\/div><\/td>\n                <td>Transici\u00f3n digital<\/td>\n                <td><\/td>\n            <\/tr>\n\n            <tr>\n                <td class=\"titol\">Plan de se\u00f1alizaci\u00f3n tur\u00edstica inteligente<\/td>\n                <td>120.000\u20ac<\/td>\n                <td><div class='estatus_projecte'>En execuci\u00f3<\/div><\/td>\n                <td><div class='estatus_projecte'>En execuci\u00f3<\/div><\/td>\n                <td><div class='estatus_projecte'>En execuci\u00f3<\/div><\/td>\n                <td>Transici\u00f3n digital<\/td>\n                <td><\/td>\n            <\/tr>\n\n            <tr class=\"fons\">\n                <td class=\"titol\">Plan de marketing<\/td>\n                <td>40.000\u20ac<\/td>\n                 <td><div class='estatus_projecte'>Pendent d'inici<\/div><\/td>\n                <td><div class='estatus_projecte'>Adjudicada<\/div><\/td>\n                <td><div class='estatus_projecte'>En execuci\u00f3<\/div><\/td>\n                <td>Transici\u00f3n digital<\/td>\n                <td><\/td>\n            <\/tr>\n\n            <tr>\n                <td>Mejora de la zona deportiva del Estany <\/td>\n                <td>150.000\u20ac<\/td>\n                <td><div class='estatus_projecte'>Pendent d'inici<\/div><\/td>\n                <td><div class='estatus_projecte'>Pendent d'inici<\/div><\/td>\n                <td><div class='estatus_projecte'>Pendent d'inici<\/div><\/td>\n                <td>Competitividad<\/td>\n                <td><\/td>\n            <\/tr>\n\n            <tr class=\"fons\">\n                <td class=\"titol\">Ruta de las pesqueras. Proyecto de iluminaci\u00f3n nocturna, se\u00f1alizaci\u00f3n y rehabilitaci\u00f3n Pesquera Mata<\/td>\n                <td>100.000\u20ac<\/td>\n                <td><div class='estatus_projecte'>En execuci\u00f3<\/div><\/td>\n                <td><div class='estatus_projecte'>En execuci\u00f3<\/div><\/td>\n                <td><div class='estatus_projecte'>En execuci\u00f3<\/div><\/td>\n                <td>Competitividad<\/td>\n                <td><\/td>\n            <\/tr>\n\n            <tr>\n                <td class=\"titol\">Parque del agua  <\/td>\n                <td>80.000\u20ac<\/td>\n                 <td><div class='estatus_projecte'>Pendent d'inici<\/div><\/td>\n                <td><div class='estatus_projecte'>Pendent d'inici<\/div><\/td>\n                <td><div class='estatus_projecte'>En execuci\u00f3<\/div><\/td>\n                <td>Competitividad<\/td>\n                <td><\/td>\n            <\/tr>\n\n\n            <tr class=\"fons\">\n                <td class=\"titol\">La ruta dulce - itinerario gastron\u00f3mico  <\/td>\n                <td>30.000\u20ac<\/td>\n                <td><div class='estatus_projecte'>En execuci\u00f3<\/div><\/td>\n                <td><div class='estatus_projecte'>Finalitzat<\/div><\/td>\n               <td><div class='estatus_projecte'>Finalitzat<\/div><\/td>\n                <td>Competitividad<\/td>\n                <td><\/td>\n            <\/tr>\n\n            <tr>\n                <td class=\"titol\">Certificado o distintivos de calidad del destino <\/td>\n                <td>30.000\u20ac<\/td>\n                <td><div class='estatus_projecte'>Pendent d'inici<\/div><\/td>\n                <td><div class='estatus_projecte'>Adjudicada<\/div><\/td>\n                <td><div class='estatus_projecte'>En execuci\u00f3<\/div><\/td>\n                <td>Competitividad<\/td>\n                <td><\/td>\n            <\/tr>\n\n            <tr class=\"fons\">\n                <td class=\"titol\">Gesti\u00f3n del plan de sostenibilidad tur\u00edstica<\/td>\n                <td>90.000\u20ac<\/td>\n                <td><div class='estatus_projecte'>En execuci\u00f3<\/div><\/td>\n                <td><div class='estatus_projecte'>En execuci\u00f3<\/div><\/td>\n                 <td><div class='estatus_projecte'>En execuci\u00f3<\/div><\/td>\n                <td>Competitividad<\/td>\n                <td><\/td>\n            <\/tr>\n\t<\/tbody>\n\n <\/table><\/div><\/div><\/div><\/div><\/div><\/section>\n","protected":false},"excerpt":{"rendered":"ACTUACI\u00d3N IMPORTE FASE DE EJECUCI\u00d3NANUALIDADES EJE ESTRAT\u00c9GICO ETIQUETA 1a 2a 3a Compuertas reguladoras del estany y de las acequias 200.000\u20ac En execuci\u00f3 En execuci\u00f3 En execuci\u00f3 Transici\u00f3n verde y sostenible 035 Miradores entorno al Estany (Joan de Palau y del Estany) 200.000\u20ac Pendent d'inici En execuci\u00f3 En execuci\u00f3 Transici\u00f3n verde y sostenible 050 Wifi trackers...","protected":false},"author":1,"featured_media":0,"parent":0,"menu_order":0,"comment_status":"closed","ping_status":"closed","template":"","meta":{"footnotes":""},"class_list":["post-1025","page","type-page","status-publish","hentry"],"yoast_head":"<!-- This site is optimized with the Yoast SEO plugin v27.4 - https:\/\/yoast.com\/product\/yoast-seo-wordpress\/ -->\n<title>Cronograma - Banyoles \u00b7 Next Destination<\/title>\n<meta name=\"robots\" content=\"index, follow, max-snippet:-1, max-image-preview:large, max-video-preview:-1\" \/>\n<link rel=\"canonical\" href=\"https:\/\/nextdestination.banyoles.cat\/es\/cronograma\/\" \/>\n<meta property=\"og:locale\" content=\"es_ES\" \/>\n<meta property=\"og:type\" content=\"article\" \/>\n<meta property=\"og:title\" content=\"Cronograma - Banyoles \u00b7 Next Destination\" \/>\n<meta property=\"og:url\" content=\"https:\/\/nextdestination.banyoles.cat\/es\/cronograma\/\" \/>\n<meta property=\"og:site_name\" content=\"Banyoles \u00b7 Next Destination\" \/>\n<meta property=\"article:modified_time\" content=\"2024-07-26T12:10:10+00:00\" \/>\n<meta name=\"twitter:card\" content=\"summary_large_image\" \/>\n<meta name=\"twitter:label1\" content=\"Tiempo de lectura\" \/>\n\t<meta name=\"twitter:data1\" content=\"1 minuto\" \/>\n<script type=\"application\/ld+json\" class=\"yoast-schema-graph\">{\"@context\":\"https:\\\/\\\/schema.org\",\"@graph\":[{\"@type\":\"WebPage\",\"@id\":\"https:\\\/\\\/nextdestination.banyoles.cat\\\/es\\\/cronograma\\\/\",\"url\":\"https:\\\/\\\/nextdestination.banyoles.cat\\\/es\\\/cronograma\\\/\",\"name\":\"Cronograma - Banyoles \u00b7 Next Destination\",\"isPartOf\":{\"@id\":\"https:\\\/\\\/nextdestination.banyoles.cat\\\/es\\\/#website\"},\"datePublished\":\"2024-06-14T09:19:58+00:00\",\"dateModified\":\"2024-07-26T12:10:10+00:00\",\"breadcrumb\":{\"@id\":\"https:\\\/\\\/nextdestination.banyoles.cat\\\/es\\\/cronograma\\\/#breadcrumb\"},\"inLanguage\":\"es\",\"potentialAction\":[{\"@type\":\"ReadAction\",\"target\":[\"https:\\\/\\\/nextdestination.banyoles.cat\\\/es\\\/cronograma\\\/\"]}]},{\"@type\":\"BreadcrumbList\",\"@id\":\"https:\\\/\\\/nextdestination.banyoles.cat\\\/es\\\/cronograma\\\/#breadcrumb\",\"itemListElement\":[{\"@type\":\"ListItem\",\"position\":1,\"name\":\"Portada\",\"item\":\"https:\\\/\\\/nextdestination.banyoles.cat\\\/es\\\/nextgeneration\\\/\"},{\"@type\":\"ListItem\",\"position\":2,\"name\":\"Cronograma\"}]},{\"@type\":\"WebSite\",\"@id\":\"https:\\\/\\\/nextdestination.banyoles.cat\\\/es\\\/#website\",\"url\":\"https:\\\/\\\/nextdestination.banyoles.cat\\\/es\\\/\",\"name\":\"Nextgeneration\",\"description\":\"\",\"publisher\":{\"@id\":\"https:\\\/\\\/nextdestination.banyoles.cat\\\/es\\\/#organization\"},\"potentialAction\":[{\"@type\":\"SearchAction\",\"target\":{\"@type\":\"EntryPoint\",\"urlTemplate\":\"https:\\\/\\\/nextdestination.banyoles.cat\\\/es\\\/?s={search_term_string}\"},\"query-input\":{\"@type\":\"PropertyValueSpecification\",\"valueRequired\":true,\"valueName\":\"search_term_string\"}}],\"inLanguage\":\"es\"},{\"@type\":\"Organization\",\"@id\":\"https:\\\/\\\/nextdestination.banyoles.cat\\\/es\\\/#organization\",\"name\":\"Nextgeneration\",\"url\":\"https:\\\/\\\/nextdestination.banyoles.cat\\\/es\\\/\",\"logo\":{\"@type\":\"ImageObject\",\"inLanguage\":\"es\",\"@id\":\"https:\\\/\\\/nextdestination.banyoles.cat\\\/es\\\/#\\\/schema\\\/logo\\\/image\\\/\",\"url\":\"https:\\\/\\\/nextdestination.banyoles.cat\\\/wp-content\\\/uploads\\\/2024\\\/04\\\/Frame-11.png\",\"contentUrl\":\"https:\\\/\\\/nextdestination.banyoles.cat\\\/wp-content\\\/uploads\\\/2024\\\/04\\\/Frame-11.png\",\"width\":356,\"height\":142,\"caption\":\"Nextgeneration\"},\"image\":{\"@id\":\"https:\\\/\\\/nextdestination.banyoles.cat\\\/es\\\/#\\\/schema\\\/logo\\\/image\\\/\"}}]}<\/script>\n<!-- \/ Yoast SEO plugin. -->","yoast_head_json":{"title":"Cronograma - Banyoles \u00b7 Next Destination","robots":{"index":"index","follow":"follow","max-snippet":"max-snippet:-1","max-image-preview":"max-image-preview:large","max-video-preview":"max-video-preview:-1"},"canonical":"https:\/\/nextdestination.banyoles.cat\/es\/cronograma\/","og_locale":"es_ES","og_type":"article","og_title":"Cronograma - Banyoles \u00b7 Next Destination","og_url":"https:\/\/nextdestination.banyoles.cat\/es\/cronograma\/","og_site_name":"Banyoles \u00b7 Next Destination","article_modified_time":"2024-07-26T12:10:10+00:00","twitter_card":"summary_large_image","twitter_misc":{"Tiempo de lectura":"1 minuto"},"schema":{"@context":"https:\/\/schema.org","@graph":[{"@type":"WebPage","@id":"https:\/\/nextdestination.banyoles.cat\/es\/cronograma\/","url":"https:\/\/nextdestination.banyoles.cat\/es\/cronograma\/","name":"Cronograma - Banyoles \u00b7 Next Destination","isPartOf":{"@id":"https:\/\/nextdestination.banyoles.cat\/es\/#website"},"datePublished":"2024-06-14T09:19:58+00:00","dateModified":"2024-07-26T12:10:10+00:00","breadcrumb":{"@id":"https:\/\/nextdestination.banyoles.cat\/es\/cronograma\/#breadcrumb"},"inLanguage":"es","potentialAction":[{"@type":"ReadAction","target":["https:\/\/nextdestination.banyoles.cat\/es\/cronograma\/"]}]},{"@type":"BreadcrumbList","@id":"https:\/\/nextdestination.banyoles.cat\/es\/cronograma\/#breadcrumb","itemListElement":[{"@type":"ListItem","position":1,"name":"Portada","item":"https:\/\/nextdestination.banyoles.cat\/es\/nextgeneration\/"},{"@type":"ListItem","position":2,"name":"Cronograma"}]},{"@type":"WebSite","@id":"https:\/\/nextdestination.banyoles.cat\/es\/#website","url":"https:\/\/nextdestination.banyoles.cat\/es\/","name":"Nextgeneration","description":"","publisher":{"@id":"https:\/\/nextdestination.banyoles.cat\/es\/#organization"},"potentialAction":[{"@type":"SearchAction","target":{"@type":"EntryPoint","urlTemplate":"https:\/\/nextdestination.banyoles.cat\/es\/?s={search_term_string}"},"query-input":{"@type":"PropertyValueSpecification","valueRequired":true,"valueName":"search_term_string"}}],"inLanguage":"es"},{"@type":"Organization","@id":"https:\/\/nextdestination.banyoles.cat\/es\/#organization","name":"Nextgeneration","url":"https:\/\/nextdestination.banyoles.cat\/es\/","logo":{"@type":"ImageObject","inLanguage":"es","@id":"https:\/\/nextdestination.banyoles.cat\/es\/#\/schema\/logo\/image\/","url":"https:\/\/nextdestination.banyoles.cat\/wp-content\/uploads\/2024\/04\/Frame-11.png","contentUrl":"https:\/\/nextdestination.banyoles.cat\/wp-content\/uploads\/2024\/04\/Frame-11.png","width":356,"height":142,"caption":"Nextgeneration"},"image":{"@id":"https:\/\/nextdestination.banyoles.cat\/es\/#\/schema\/logo\/image\/"}}]}},"_links":{"self":[{"href":"https:\/\/nextdestination.banyoles.cat\/es\/wp-json\/wp\/v2\/pages\/1025","targetHints":{"allow":["GET"]}}],"collection":[{"href":"https:\/\/nextdestination.banyoles.cat\/es\/wp-json\/wp\/v2\/pages"}],"about":[{"href":"https:\/\/nextdestination.banyoles.cat\/es\/wp-json\/wp\/v2\/types\/page"}],"author":[{"embeddable":true,"href":"https:\/\/nextdestination.banyoles.cat\/es\/wp-json\/wp\/v2\/users\/1"}],"replies":[{"embeddable":true,"href":"https:\/\/nextdestination.banyoles.cat\/es\/wp-json\/wp\/v2\/comments?post=1025"}],"version-history":[{"count":9,"href":"https:\/\/nextdestination.banyoles.cat\/es\/wp-json\/wp\/v2\/pages\/1025\/revisions"}],"predecessor-version":[{"id":1334,"href":"https:\/\/nextdestination.banyoles.cat\/es\/wp-json\/wp\/v2\/pages\/1025\/revisions\/1334"}],"wp:attachment":[{"href":"https:\/\/nextdestination.banyoles.cat\/es\/wp-json\/wp\/v2\/media?parent=1025"}],"curies":[{"name":"wp","href":"https:\/\/api.w.org\/{rel}","templated":true}]}}